{"id":2,"date":"2010-08-18T18:09:46","date_gmt":"2010-08-18T18:09:46","guid":{"rendered":"http:\/\/deivid.kapsi.fi\/?page_id=2"},"modified":"2010-12-16T07:43:10","modified_gmt":"2010-12-16T04:43:10","slug":"about","status":"publish","type":"page","link":"http:\/\/deivid.kapsi.fi\/","title":{"rendered":"About"},"content":{"rendered":"<p>L\u00e4hdin kiert\u00e4m\u00e4\u00e4n Aasiaa vuodeksi. Vuosi on tosin vain py\u00f6re\u00e4 arvio siit\u00e4 ajasta kuinka kauan aion olla matkassa. Olen valmistunut hetki sitten, ty\u00f6suhteeni on p\u00e4\u00e4ttynyt ja auto menee seisontaan. Kaikki siteet Suomen yhteiskuntaan on katkaistu. Voin sen puolesta olla matkalla kuinka kauan haluan. Matkasuunnitelmani on v\u00e4hint\u00e4\u00e4n yht\u00e4 avoin. Alussa minulla oli vain Intian viisumi ja menolippu Delhiin. Kerron t\u00e4ss\u00e4 blogissa ajatuksiani ja kuulumisiani matkani varrelta<\/p>\n","protected":false},"excerpt":{"rendered":"<p>L\u00e4hdin kiert\u00e4m\u00e4\u00e4n Aasiaa vuodeksi. Vuosi on tosin vain py\u00f6re\u00e4 arvio siit\u00e4 ajasta kuinka kauan aion olla matkassa. Olen valmistunut hetki sitten, ty\u00f6suhteeni on p\u00e4\u00e4ttynyt ja auto menee seisontaan. Kaikki siteet Suomen yhteiskuntaan on katkaistu. Voin sen puolesta olla matkalla kuinka &hellip; <a href=\"http:\/\/deivid.kapsi.fi\/\">Continue reading <span class=\"meta-nav\">&rarr;<\/span><\/a><\/p>\n","protected":false},"author":1,"featured_media":0,"parent":0,"menu_order":0,"comment_status":"open","ping_status":"open","template":"","meta":[],"_links":{"self":[{"href":"http:\/\/deivid.kapsi.fi\/index.php?rest_route=\/wp\/v2\/pages\/2"}],"collection":[{"href":"http:\/\/deivid.kapsi.fi\/index.php?rest_route=\/wp\/v2\/pages"}],"about":[{"href":"http:\/\/deivid.kapsi.fi\/index.php?rest_route=\/wp\/v2\/types\/page"}],"author":[{"embeddable":true,"href":"http:\/\/deivid.kapsi.fi\/index.php?rest_route=\/wp\/v2\/users\/1"}],"replies":[{"embeddable":true,"href":"http:\/\/deivid.kapsi.fi\/index.php?rest_route=%2Fwp%2Fv2%2Fcomments&post=2"}],"version-history":[{"count":5,"href":"http:\/\/deivid.kapsi.fi\/index.php?rest_route=\/wp\/v2\/pages\/2\/revisions"}],"predecessor-version":[{"id":251,"href":"http:\/\/deivid.kapsi.fi\/index.php?rest_route=\/wp\/v2\/pages\/2\/revisions\/251"}],"wp:attachment":[{"href":"http:\/\/deivid.kapsi.fi\/index.php?rest_route=%2Fwp%2Fv2%2Fmedia&parent=2"}],"curies":[{"name":"wp","href":"https:\/\/api.w.org\/{rel}","templated":true}]}}